{"id":2,"date":"2012-06-20T14:34:21","date_gmt":"2012-06-20T14:34:21","guid":{"rendered":"http:\/\/www.banda-losgaujos.com\/?page_id=2"},"modified":"2023-11-15T17:39:52","modified_gmt":"2023-11-15T17:39:52","slug":"page-d-exemple","status":"publish","type":"page","link":"http:\/\/www.banda-losgaujos.com\/","title":{"rendered":"Accueil"},"content":{"rendered":"<p><span style=\"color: #000000;\"><em><strong><a title=\"Permalien vers Bonjour tout le monde\u00a0!\" href=\"http:\/\/localhost:8888\/losgaujos\/?p=1\" rel=\"bookmark\"><span style=\"color: #000000;\">Bonjour \u00e0 tous !<\/span><\/a><\/strong><\/em><\/span><\/p>\n<p><img loading=\"lazy\" decoding=\"async\" class=\"alignleft size-full wp-image-85\" title=\"photo-accueil\" src=\"https:\/\/i0.wp.com\/www.banda-losgaujos.com\/wp-content\/uploads\/2012\/06\/photo-accueil.png?resize=189%2C300\" alt=\"\" width=\"189\" height=\"300\" data-recalc-dims=\"1\" \/><\/p>\n<p><strong>La BANDA\u00a0<em>Los Gaujos<\/em>\u00a0compos\u00e9e de 25 musiciens<\/strong>, anime les F\u00eates de Villages, les Messes et Ap\u00e9ritifs de mariages, les Matches de Rugby, Football, Basket, les March\u00e9s,\u00a0 etc\u2026<\/p>\n<p>&nbsp;<\/p>\n<div>\n<p>La BANDA s&rsquo;exporte dans les d\u00e9partements voisin.<\/p>\n<p>Vous pouvez nous retrouver sur le bassin d&rsquo;Arcachon \u00e0 La Teste et Ar\u00e8s (1er et 15 ao\u00fbt), participe \u00e0 des nuit des Bandas (Charentes, Ari\u00e8ge&#8230;), parfois m\u00eame \u00e0 l&rsquo;\u00e9tranger comme en Andorre, ainsi qu&rsquo;\u00e0 des manifestations locales.<\/p>\n<\/div>\n<p><img loading=\"lazy\" decoding=\"async\" class=\"alignright size-full wp-image-72\" title=\"foulard\" src=\"https:\/\/i0.wp.com\/www.banda-losgaujos.com\/wp-content\/uploads\/2012\/06\/foulard.png?resize=100%2C155\" alt=\"\" width=\"100\" height=\"155\" data-recalc-dims=\"1\" \/><\/p>\n\n\n<figure class=\"wp-block-image size-large\"><a href=\"https:\/\/i0.wp.com\/www.banda-losgaujos.com\/wp-content\/uploads\/2023\/11\/849-011.jpg\"><img loading=\"lazy\" decoding=\"async\" width=\"640\" height=\"905\" src=\"https:\/\/i0.wp.com\/www.banda-losgaujos.com\/wp-content\/uploads\/2023\/11\/849-011.jpg?resize=640%2C905\" alt=\"\" class=\"wp-image-333\" srcset=\"https:\/\/i0.wp.com\/www.banda-losgaujos.com\/wp-content\/uploads\/2023\/11\/849-011.jpg?resize=724%2C1024 724w, https:\/\/i0.wp.com\/www.banda-losgaujos.com\/wp-content\/uploads\/2023\/11\/849-011.jpg?resize=212%2C300 212w, https:\/\/i0.wp.com\/www.banda-losgaujos.com\/wp-content\/uploads\/2023\/11\/849-011.jpg?resize=768%2C1087 768w, https:\/\/i0.wp.com\/www.banda-losgaujos.com\/wp-content\/uploads\/2023\/11\/849-011.jpg?w=1080 1080w\" sizes=\"(max-width: 640px) 100vw, 640px\" data-recalc-dims=\"1\" \/><\/a><\/figure>\n","protected":false},"excerpt":{"rendered":"<p>Bonjour \u00e0 tous ! La BANDA\u00a0Los Gaujos\u00a0compos\u00e9e de 25 musiciens, anime les F\u00eates de Villages, les Messes et Ap\u00e9ritifs de mariages, les Matches de Rugby, Football, Basket, les March\u00e9s,\u00a0 etc\u2026 &nbsp; La BANDA s&rsquo;exporte dans les d\u00e9partements voisin. Vous pouvez &hellip; <a href=\"http:\/\/www.banda-losgaujos.com\/\">Continuer la lecture <span class=\"meta-nav\">&rarr;<\/span><\/a><\/p>\n","protected":false},"author":1,"featured_media":0,"parent":0,"menu_order":0,"comment_status":"closed","ping_status":"open","template":"","meta":{"footnotes":""},"jetpack_sharing_enabled":true,"_links":{"self":[{"href":"http:\/\/www.banda-losgaujos.com\/index.php?rest_route=\/wp\/v2\/pages\/2"}],"collection":[{"href":"http:\/\/www.banda-losgaujos.com\/index.php?rest_route=\/wp\/v2\/pages"}],"about":[{"href":"http:\/\/www.banda-losgaujos.com\/index.php?rest_route=\/wp\/v2\/types\/page"}],"author":[{"embeddable":true,"href":"http:\/\/www.banda-losgaujos.com\/index.php?rest_route=\/wp\/v2\/users\/1"}],"replies":[{"embeddable":true,"href":"http:\/\/www.banda-losgaujos.com\/index.php?rest_route=%2Fwp%2Fv2%2Fcomments&post=2"}],"version-history":[{"count":1,"href":"http:\/\/www.banda-losgaujos.com\/index.php?rest_route=\/wp\/v2\/pages\/2\/revisions"}],"predecessor-version":[{"id":334,"href":"http:\/\/www.banda-losgaujos.com\/index.php?rest_route=\/wp\/v2\/pages\/2\/revisions\/334"}],"wp:attachment":[{"href":"http:\/\/www.banda-losgaujos.com\/index.php?rest_route=%2Fwp%2Fv2%2Fmedia&parent=2"}],"curies":[{"name":"wp","href":"https:\/\/api.w.org\/{rel}","templated":true}]}}